{"id":9,"date":"2014-02-06T18:01:39","date_gmt":"2014-02-06T17:01:39","guid":{"rendered":"http:\/\/raq.pl\/Marokiada\/?page_id=9"},"modified":"2014-02-24T08:59:10","modified_gmt":"2014-02-24T07:59:10","slug":"trasa","status":"publish","type":"page","link":"http:\/\/raq.pl\/marokiada\/trasa\/","title":{"rendered":"Trasa"},"content":{"rendered":"<p>Oj tutaj si\u0119 dzia\u0142o, oj dzia\u0142o \ud83d\ude42<\/p>\n<p>Bior\u0105c pod uwag\u0119, \u017ce jedzie 9 ch\u0142opa to pogodzi\u0107 wszystkich lekko nie by\u0142o.<\/p>\n<p>Pomys\u0142\u00f3w by\u0142 ogrom, ale nie oszukujmy si\u0119, mamy okre\u015blon\u0105 ilo\u015b\u0107 dni i prom powrotny zarezerwowany na konkretn\u0105 godzin\u0119, wi\u0119c tutaj trzeba do tematu podej\u015b\u0107 powa\u017cnie.<\/p>\n<p>Niestety, niejednokrotnie musieli\u015bmy p\u00f3j\u015b\u0107 na kompromisy, b\u0105d\u017a po prostu z jakiego\u015b miasta zrezygnowa\u0107, trudno, \u017cycie! \ud83d\ude42<\/p>\n<p>Chcieli\u015bmy zaliczy\u0107 prze\u0142\u0119cz <strong>Tizi\u2019n\u2019Test<\/strong> \u2013 drog\u0119 kt\u00f3ra nale\u017cy do najbardziej kr\u0119tych, najpi\u0119kniejszych i najniebezpieczniejszych dr\u00f3g przez g\u00f3ry Atlas, ale logika wzi\u0119\u0142a g\u00f3r\u0119. Serpentyny i winkle to super sprawa, jednak jako\u015b\u0107 tej drogi mo\u017ce dawa\u0107 wiele do \u017cyczenia, inna sprawa, nie mamy poj\u0119cia jak rozlokowane s\u0105 tam stacje benzynowe, a do tego dochodz\u0105 wzgl\u0119dy pogodowe (b\u0119d\u0105c na wysoko\u015bci 2100 m n.p.m. mo\u017ce by\u0107 \u201e\u015bnie\u017cnie\u201d) wi\u0119c niestety, mo\u017ce kiedy\u015b indziej nam si\u0119 to uda \ud83d\ude42<\/p>\n<p>Kwestia nocleg\u00f3w te\u017c by\u0142a ciekawa i w zasadzie zosta\u0142a kwesti\u0105 otwart\u0105. Ja osobi\u015bcie jestem zwolennikiem spania \u201ena dziko\u201d, zwa\u017cywszy \u017ce si\u0119 zaszczepi\u0142em \ud83d\ude42 . Chc\u0119 po prostu czu\u0107 Maroko i tak, wiem, \u017ce w nocy temperatura drastycznie spada, spokojnie, mimo tego to mnie nie zniech\u0119ca, a wiem, \u017ce <strong>D\u0142ugi <\/strong>r\u00f3wnie\u017c podziela m\u00f3j pogl\u0105d (czy ja podzielam jego pogl\u0105d, na to samo wychodzi) i mo\u017ce si\u0119 okaza\u0107, \u017ce reszta r\u00f3wnie\u017c. Jak nie b\u0119dzie mo\u017cliwo\u015bci spania na dziko, to hotele, b\u0105d\u017a \u201ekwatery prywatne\u201d i spanie na dachach budynk\u00f3w \ud83d\ude42 wszystko \u017ceby by\u0142 klimat!<\/p>\n<p>Trasa wygl\u0105da jak poni\u017cej, prezentuje si\u0119 wed\u0142ug mnie <b>zacnie<\/b>:<\/p>\n<div id=\"attachment_81\" style=\"width: 862px\" class=\"wp-caption aligncenter\"><a href=\"https:\/\/maps.google.com\/maps?saddr=Rabat,+Rabat-Sala-Zammur-Za%27ir,+Maroko&amp;daddr=Casablanca,+Wielka+Casablanca,+Maroko+to:Bani+Mallal,+Maroko+to:R306+to:Marrakesz,+Marrakesz-Tansift-Al-Hauz,+Maroko+to:Warzazat,+Sus-Masa-Dara,+Maroko+to:Msemrir,+Sus-Masa-Dara,+Maroko+to:Tinghir,+Sus-Masa-Dara,+Maroko+to:Merzouga,+Meknes-Tafilalt,+Maroko+to:Erfoud,+Meknes-Tafilalt,+Maroko+to:Fes,+Fez-Bulman,+Maroko+to:Meknes,+Meknes-Tafilalt,+Maroko+to:Archaeological+Site+of+Volubilis,+Archaeological+Site+of+Volubilis,+Road+to+Volubilis,+Maroko+to:Rabat,+Rabat-Sala-Zammur-Za%27ir,+Maroko&amp;hl=pl&amp;ll=32.657876,-5.74585&amp;spn=3.833387,6.767578&amp;sll=30.972899,-7.402039&amp;sspn=1.688439,3.348083&amp;geocode=FUkHBwIdsL2X_ynBxVAfh2unDTFrBwh07UbJeg%3BFZWt_wEdm0mM_yk7Eap4R82nDTHTDzFP2MEGCw%3BFfR17QEd__Ce_ynBf5xBSYajDTHZryuh6bM2Yg%3BFe4r6gEdgVGe_w%3BFbWv4gEdAO6F_ylRnheWje6vDTG4rYdPU7ZQWQ%3BFb7M1wEdHdCW_ylXIEJ3QBC7DTEAqzebUsuzJg%3BFWzE4wEdPFKn_ym_XzBE2SWjDTGw7iCo0hk4Zw%3BFWLg4AEdlpOr_ymxnm5XKjO9DTFHluMSHUrjFA%3BFR-J2gEdbcnC_ynl3zSYJzyXDTFESt61svo5Vg%3BFVmv3wEdcWO__ykLVXlQLHuXDTEVQqYRNVJM8A%3BFbVOBwIdwLSz_yl3V0RNSIufDTHvAtjtrqrmEA%3BFVgyBQId3j2r_ynRSfw70kSgDTEY3kyeqYC_-w%3BFcTsBwIdIzyr_yk9gv9ph2igDTHh6Dzklp5Shw%3BFUkHBwIdsL2X_ynBxVAfh2unDTFrBwh07UbJeg&amp;oq=beni+me&amp;t=m&amp;mra=mr&amp;z=8\" target=\"_blank\"><img loading=\"lazy\" decoding=\"async\" aria-describedby=\"caption-attachment-81\" class=\"size-full wp-image-81 \" alt=\"Trasa Marokiady\" src=\"http:\/\/raq.pl\/marokiada\/wp-content\/uploads\/2014\/02\/Trasa.jpg\" width=\"852\" height=\"747\" srcset=\"http:\/\/raq.pl\/marokiada\/wp-content\/uploads\/2014\/02\/Trasa.jpg 852w, http:\/\/raq.pl\/marokiada\/wp-content\/uploads\/2014\/02\/Trasa-300x263.jpg 300w\" sizes=\"auto, (max-width: 852px) 100vw, 852px\" \/><\/a><p id=\"caption-attachment-81\" class=\"wp-caption-text\">Trasa Marokiady<\/p><\/div>\n<p><b>Sprytny<\/b> si\u0119 wzi\u0105\u0142 za co\u015b \ud83d\ude00 i pozbiera\u0142 przemy\u015blenia wszystkich w jedn\u0105 ca\u0142o\u015b\u0107 i rozpisa\u0142 na dni, w zwi\u0105zku z czym prezentuje si\u0119 to tak:<\/p>\n<p><strong>Pi\u0105tek<\/strong>: Przyjazd. Idziemy spa\u0107 \u00a0&#8211; no mo\u017ce szybki toast, \u017ce jeste\u015bmy na miejscu \ud83d\ude09<br \/>\n<strong>Sobota<\/strong>: Wypakowanie motocykli z rana, przygotowanie do podr\u00f3\u017cy, zwiedzanie Rabatu. Po\u015bwi\u0119camy stolicy Maroka w zasadzie ca\u0142\u0105 sobot\u0119 wraz z wieczorem \ud83d\ude42<br \/>\n<strong>Niedziela<\/strong>: wcze\u015bnie rano jedziemy do Casablanki ( ok 100 km ) Zwiedzamy a nast\u0119pniei lecimy na Beni Mellal. Przed wyjazdem mo\u017ce jaki\u015b obiadek. Do Beni Mellal jest 237 km + ewentualnie ok 50 je\u017celi chcemy spa\u0107 gdzie\u015b nad samym jeziorem (<b>a chcemy!<\/b>). Generalnie w tamtym regionie szukamy noclegu.<br data-reactid=\".k4.1:3:1:$comment648501668543759_664217180305541:0.0.$right.0.$left.0.0.0:$comment-body.0.$text0:0:$15:0\" \/> <strong>Poniedzia\u0142ek<\/strong>: Jedziemy do Marrakechu przez g\u00f3ry. 200-250 km. Jeste\u015bmy wcze\u015bnie w Marrakechu. Zwiedzamy bo jest co! D\u017cem El-Fna, ca\u0142a medyna. Jako \u017ce miasto nale\u017cy pozna\u0107, zostajemy tu te\u017c na nocleg \ud83d\ude42<br \/>\n<strong>Wtorek<\/strong>: Ruszamy w g\u00f3ry czyli Tizi 'n&#8217; Thickla. Z Marrakechu do Warzazat jest ok 200 km. Troch\u0119 nam zejdzie bo mamy kr\u0119t\u0105 prze\u0142\u0119cz. Po drodz\u0119 zaliczamy Ajt Bin Haddu gdzie jest ufortyfikowana osada. Warzazat jes nad jeziorem. Mo\u017cemy tam szuka\u0107 noclegu albo jecha dalej na Msenir i najpopularniejsze serpentyny Maroka. Daje nam to ok 370 km i \u015bpimy w g\u00f3rach. Wszystko zale\u017cy od warunk\u00f3w. Jak nie damy rady to zatrzymamy si\u0119 wcze\u015bniej. Ponownie wchodzi w gr\u0119 spanie \u201ena dziko\u201d \ud83d\ude42<br \/>\n<strong>\u015aroda<\/strong>: Jedziemy do Merzouga czyli pod Sahar\u0119. Ponad 300 km do przejechania. W Merzouga szukamy hotelu, zostawiamy motocykle i idziemy spa\u0107 do jakie\u015b oazy albo gdziekolwiek \u2013 na dziko!<br \/>\n<strong>Czwartek<\/strong>: Jedziemy do Fezu szuka\u0107 noclegu. Trasa 400 km przez g\u00f3ry i kurorty narciarskie Ostatnia konkretna trasa.<br data-reactid=\".k4.1:3:1:$comment648501668543759_664217180305541:0.0.$right.0.$left.0.0.0:$comment-body.0.$text0:0:$31:0\" \/> <strong>Pi\u0105tek<\/strong>: Zwiedzamy Fez i lecimy do Meknes zaliczaj\u0105c Volubilis. Ok 100 km. \u015apimy w Meknes.<br data-reactid=\".k4.1:3:1:$comment648501668543759_664217180305541:0.0.$right.0.$left.0.0.0:$comment-body.0.$text0:0:$35:0\" \/> <strong>Sobota<\/strong>: siedzimy w Meknes, a p\u00f3\u017anym popo\u0142udniem lecimy do Rabatu pakowa\u0107 si\u0119 do powrotu.<br data-reactid=\".k4.1:3:1:$comment648501668543759_664217180305541:0.0.$right.0.$left.0.0.0:$comment-body.0.$text0:0:$39:0\" \/> <strong>Niedziela<\/strong> wiadomo, ko\u015bci\u00f3\u0142ek, modlitwa i takie tam \ud83d\ude09<br \/>\n<br data-reactid=\".k4.1:3:1:$comment648501668543759_664217180305541:0.0.$right.0.$left.0.0.0:$comment-body.0.$text0:0:$45:0\" \/> Razem ~2000 km &#8211; oczywi\u015bcie orientacyjnie, jak dorwiemy fajne winkle to mo\u017ce by\u0107 &#8222;troszk\u0119&#8221; wi\u0119cej \ud83d\ude42<\/p>\n","protected":false},"excerpt":{"rendered":"<p>Oj tutaj si\u0119 dzia\u0142o, oj dzia\u0142o \ud83d\ude42 Bior\u0105c pod uwag\u0119, \u017ce jedzie 9 ch\u0142opa to pogodzi\u0107 wszystkich lekko nie by\u0142o. Pomys\u0142\u00f3w by\u0142 ogrom, ale nie oszukujmy si\u0119, mamy okre\u015blon\u0105 ilo\u015b\u0107 dni i prom powrotny zarezerwowany na konkretn\u0105 godzin\u0119, wi\u0119c tutaj trzeba do tematu podej\u015b\u0107 powa\u017cnie. Niestety, niejednokrotnie musieli\u015bmy p\u00f3j\u015b\u0107 na kompromisy, b\u0105d\u017a po prostu z [&hellip;]<\/p>\n","protected":false},"author":1,"featured_media":0,"parent":0,"menu_order":0,"comment_status":"open","ping_status":"open","template":"page-template-full.php","meta":{"footnotes":""},"class_list":["post-9","page","type-page","status-publish","hentry"],"_links":{"self":[{"href":"http:\/\/raq.pl\/marokiada\/wp-json\/wp\/v2\/pages\/9","targetHints":{"allow":["GET"]}}],"collection":[{"href":"http:\/\/raq.pl\/marokiada\/wp-json\/wp\/v2\/pages"}],"about":[{"href":"http:\/\/raq.pl\/marokiada\/wp-json\/wp\/v2\/types\/page"}],"author":[{"embeddable":true,"href":"http:\/\/raq.pl\/marokiada\/wp-json\/wp\/v2\/users\/1"}],"replies":[{"embeddable":true,"href":"http:\/\/raq.pl\/marokiada\/wp-json\/wp\/v2\/comments?post=9"}],"version-history":[{"count":9,"href":"http:\/\/raq.pl\/marokiada\/wp-json\/wp\/v2\/pages\/9\/revisions"}],"predecessor-version":[{"id":102,"href":"http:\/\/raq.pl\/marokiada\/wp-json\/wp\/v2\/pages\/9\/revisions\/102"}],"wp:attachment":[{"href":"http:\/\/raq.pl\/marokiada\/wp-json\/wp\/v2\/media?parent=9"}],"curies":[{"name":"wp","href":"https:\/\/api.w.org\/{rel}","templated":true}]}}