{"id":88,"date":"2014-02-20T10:26:58","date_gmt":"2014-02-20T09:26:58","guid":{"rendered":"http:\/\/raq.pl\/marokiada\/?page_id=88"},"modified":"2014-02-24T12:40:40","modified_gmt":"2014-02-24T11:40:40","slug":"o-nas","status":"publish","type":"page","link":"http:\/\/raq.pl\/marokiada\/o-nas\/","title":{"rendered":"O nas"},"content":{"rendered":"<p>Kr\u00f3tko o uczestnikach wyprawy. G\u0142\u00f3wn\u0105 cech\u0105 \u0142\u0105cz\u0105c\u0105 nas wszystkich s\u0105 niew\u0105tpliwie motocykle.<br \/>\nJeste\u015bmy band\u0105 zapale\u0144c\u00f3w, kt\u00f3rzy kochaj\u0105 ten sport.<br \/>\nNale\u017cy bra\u0107 te\u017c mocno pod uwag\u0119, \u017ce przez to cz\u0119sto jeste\u015bmy postrzegani jako nienormalni b\u0105d\u017a jako dawcy , co prawdopodobnie zgadza si\u0119 z rzeczywisto\u015bci\u0105, zw\u0142aszcza to pierwsze \ud83d\ude42 Wszyscy te\u017c mamy swoisty dystans do rzeczywisto\u015bci co obfituje w komiczne sytuacje \ud83d\ude42<\/p>\n<p><strong>1.<\/strong> <strong>raq<\/strong> &#8211; ostatnia literka to Q, czytamy &#8222;raku&#8221;, a nie rag, czy te\u017c RAUL, bo tak\u0105 petard\u0119 te\u017c mia\u0142em &#8230; \ud83d\ude42<br \/>\nto og\u00f3lnie ja, ten pisz\u0105cy bloga, wsp\u00f3\u0142pomys\u0142odawca \ud83d\ude42 staraj\u0105cy si\u0119 spi\u0105\u0107 to wszystko w jedn\u0105 ca\u0142o\u015b\u0107, \u017ceby mia\u0142o przynajmniej po jednej r\u0119ce i nodze \ud83d\ude09 \u0107ma barowa<br \/>\n<strong>2.<\/strong> <strong>Mokry<\/strong> &#8211; mistrz w zdobywaniu ksyw podczas wyjazd\u00f3w, \u015brednio na wyjazd znajduje 2 nowe ksywy \ud83d\ude00 uwielbia zwierz\u0119ta, zw\u0142aszcza te le\u015bne, szczeg\u00f3lnie je udawa\u0107 a konkretnie SOW\u0118 &#8230; i tylko z przepony!<br \/>\n<strong> 3. Sprytny<\/strong> &#8211; szuja \ud83d\ude00 jak chce to potrafi, ale chyba nie cz\u0119sto mu si\u0119 chce, mi\u0142o\u015bnik Fireblade, da\u0142by sobie za niego ka\u017cd\u0105 cz\u0119\u015b\u0107 cia\u0142a uci\u0105\u0107 \ud83d\ude09<br \/>\n<strong> 4. D\u0142ugi<\/strong> &#8211; wsp\u00f3\u0142pomys\u0142odawca \ud83d\ude42 mi\u0142o\u015bnik GSX-R, r\u00f3wnie\u017c da\u0142by sobie ka\u017cd\u0105 cz\u0119\u015b\u0107 uci\u0105\u0107, \u015bwietnie si\u0119 dogaduje w tej materii ze Sprytnym i Tytusem \ud83d\ude00 przejecha\u0142 po dnie Morza Czerwonego na motocyklu (dzi\u0119ki Moj\u017ceszowi) \ud83d\ude09<br \/>\n<strong> 5. Woki<\/strong> &#8211; cz\u0142owiek, kt\u00f3ry Ci\u0119 nie zawiedzie podczas imprezy, nale\u017cy mu ufa\u0107 \ud83d\ude00 bezgranicznie!<br \/>\n<strong> 6. Tytus<\/strong> &#8211; mi\u0142o\u015bnik Fireblade, fan motoGP, wed\u0142ug niego Mordor to \u015bliwka &#8230;<br \/>\n<strong> 7. Jacek<\/strong> &#8211; sw\u00f3j ch\u0142op, zawsze pomocny, chyba \u017ce musi psa wyprowadzi\u0107 \ud83d\ude42<br \/>\n<strong> 8. Damian<\/strong> &#8211; cz\u0142owiek &#8222;co si\u0119 nie da jak si\u0119 da&#8221;, &#8222;zrobi\u0119 to A-klasowo&#8221; oraz &#8222;poprosz\u0119 drzwi!&#8221; \ud83d\ude00<br \/>\n<strong> 9. Dzidek<\/strong> &#8211; najbardziej spokojny i opanowany cz\u0142owiek w ekipie, przez to mam podejrzenia \u017ce bierze pavulon \ud83d\ude09<\/p>\n","protected":false},"excerpt":{"rendered":"<p>Kr\u00f3tko o uczestnikach wyprawy. G\u0142\u00f3wn\u0105 cech\u0105 \u0142\u0105cz\u0105c\u0105 nas wszystkich s\u0105 niew\u0105tpliwie motocykle. Jeste\u015bmy band\u0105 zapale\u0144c\u00f3w, kt\u00f3rzy kochaj\u0105 ten sport. Nale\u017cy bra\u0107 te\u017c mocno pod uwag\u0119, \u017ce przez to cz\u0119sto jeste\u015bmy postrzegani jako nienormalni b\u0105d\u017a jako dawcy , co prawdopodobnie zgadza si\u0119 z rzeczywisto\u015bci\u0105, zw\u0142aszcza to pierwsze \ud83d\ude42 Wszyscy te\u017c mamy swoisty dystans do rzeczywisto\u015bci co [&hellip;]<\/p>\n","protected":false},"author":1,"featured_media":0,"parent":0,"menu_order":0,"comment_status":"open","ping_status":"open","template":"","meta":{"footnotes":""},"class_list":["post-88","page","type-page","status-publish","hentry"],"_links":{"self":[{"href":"http:\/\/raq.pl\/marokiada\/wp-json\/wp\/v2\/pages\/88","targetHints":{"allow":["GET"]}}],"collection":[{"href":"http:\/\/raq.pl\/marokiada\/wp-json\/wp\/v2\/pages"}],"about":[{"href":"http:\/\/raq.pl\/marokiada\/wp-json\/wp\/v2\/types\/page"}],"author":[{"embeddable":true,"href":"http:\/\/raq.pl\/marokiada\/wp-json\/wp\/v2\/users\/1"}],"replies":[{"embeddable":true,"href":"http:\/\/raq.pl\/marokiada\/wp-json\/wp\/v2\/comments?post=88"}],"version-history":[{"count":6,"href":"http:\/\/raq.pl\/marokiada\/wp-json\/wp\/v2\/pages\/88\/revisions"}],"predecessor-version":[{"id":101,"href":"http:\/\/raq.pl\/marokiada\/wp-json\/wp\/v2\/pages\/88\/revisions\/101"}],"wp:attachment":[{"href":"http:\/\/raq.pl\/marokiada\/wp-json\/wp\/v2\/media?parent=88"}],"curies":[{"name":"wp","href":"https:\/\/api.w.org\/{rel}","templated":true}]}}