{"id":44,"date":"2014-02-17T10:05:21","date_gmt":"2014-02-17T09:05:21","guid":{"rendered":"http:\/\/raq.pl\/Marokiada\/?page_id=44"},"modified":"2014-02-22T09:30:33","modified_gmt":"2014-02-22T08:30:33","slug":"o-wyprawie","status":"publish","type":"page","link":"http:\/\/raq.pl\/marokiada\/o-wyprawie\/","title":{"rendered":"O wyprawie"},"content":{"rendered":"<p>Siedzieli\u015bmy kiedy\u015b z <b>D\u0142ugim<\/b>, rozmowa si\u0119 nie klei\u0142a, oczy skierowane za okno i wewn\u0119trzna rozpacz, \u017ce pogody ju\u017c nie ma.<\/p>\n<p>Zacz\u0119li\u015bmy debatowa\u0107, jak to fajnie jest w krajach, gdzie \u015bniegu nie ma, a najni\u017csza temperatura przez ca\u0142y rok to 15 stopni.<\/p>\n<p>Po d\u0142u\u017cszej rozmowie, nagle wpad\u0142a nam do g\u0142owy z\u0142ota my\u015bl: \u201eto czemu nas w takim kraju nie ma?!\u201d. W ten niespodziewany spos\u00f3b zrodzi\u0142a si\u0119 idea wyprawy do Maroka \ud83d\ude00 .<\/p>\n<p>Podczas kt\u00f3rego\u015b bankietu u mnie \u2026 e nie oszukujmy si\u0119, do bankietu to daleko jeszcze by\u0142o \ud83d\ude42 po prostu podczas jednej z mocno zakrapianych imprez pomys\u0142\u00a0 poszed\u0142 w eter i ku naszemu zaskoczeniu, zainteresowanie zrobi\u0142o si\u0119 do\u015b\u0107 spore.<\/p>\n<p>Dodatkowo zainteresowanych by\u0142o te\u017c dw\u00f3ch znajomych (<b>Tytus<\/b>, <b>Woki<\/b>), kt\u00f3rzy 5 lat temu trzepn\u0119li tras\u0119 do Maroka na motocyklach, ruszaj\u0105c z Polski (zrobili jakie\u015b 10k km \u2026 szacun!).<\/p>\n<p>W naszym przypadku to nie wchodzi\u0142o w gr\u0119, jako \u017ce ustanowili\u015bmy, \u017ce ruszamy W ZIMIE.<\/p>\n<p>Czemu? Bo w lecie na moto lata\u0107 mo\u017cna w Polsce, a w zimie? W Maroko! \ud83d\ude00 to znaczy mamy tak\u0105 nadzieje \ud83d\ude09<\/p>\n<p>Wi\u0119c pomys\u0142 przewodni, wrzucamy motocykle do bus\u00f3w (dzi\u0119ki <b>D\u0142ugi<\/b>, \u017ce zgodzi\u0142e\u015b si\u0119 je nam wypo\u017cyczy\u0107!) i jedziemy do Maroka!<\/p>\n<p>Po skompletowaniu ch\u0119tnych, dobrali\u015bmy termin kt\u00f3ry dla wszystkich by\u0142 odpowiedni.<\/p>\n<p>W zasadzie w tamtym momencie jeszcze do tego podchodzili\u015bmy na luzie, mo\u017cliwe \u017ce sami jeszcze nie dowierzali\u015bmy co mamy w planie zrobi\u0107 \ud83d\ude42<\/p>\n","protected":false},"excerpt":{"rendered":"<p>Siedzieli\u015bmy kiedy\u015b z D\u0142ugim, rozmowa si\u0119 nie klei\u0142a, oczy skierowane za okno i wewn\u0119trzna rozpacz, \u017ce pogody ju\u017c nie ma. Zacz\u0119li\u015bmy debatowa\u0107, jak to fajnie jest w krajach, gdzie \u015bniegu nie ma, a najni\u017csza temperatura przez ca\u0142y rok to 15 stopni. Po d\u0142u\u017cszej rozmowie, nagle wpad\u0142a nam do g\u0142owy z\u0142ota my\u015bl: \u201eto czemu nas w [&hellip;]<\/p>\n","protected":false},"author":1,"featured_media":0,"parent":0,"menu_order":0,"comment_status":"open","ping_status":"open","template":"page-template-full.php","meta":{"footnotes":""},"class_list":["post-44","page","type-page","status-publish","hentry"],"_links":{"self":[{"href":"http:\/\/raq.pl\/marokiada\/wp-json\/wp\/v2\/pages\/44","targetHints":{"allow":["GET"]}}],"collection":[{"href":"http:\/\/raq.pl\/marokiada\/wp-json\/wp\/v2\/pages"}],"about":[{"href":"http:\/\/raq.pl\/marokiada\/wp-json\/wp\/v2\/types\/page"}],"author":[{"embeddable":true,"href":"http:\/\/raq.pl\/marokiada\/wp-json\/wp\/v2\/users\/1"}],"replies":[{"embeddable":true,"href":"http:\/\/raq.pl\/marokiada\/wp-json\/wp\/v2\/comments?post=44"}],"version-history":[{"count":5,"href":"http:\/\/raq.pl\/marokiada\/wp-json\/wp\/v2\/pages\/44\/revisions"}],"predecessor-version":[{"id":98,"href":"http:\/\/raq.pl\/marokiada\/wp-json\/wp\/v2\/pages\/44\/revisions\/98"}],"wp:attachment":[{"href":"http:\/\/raq.pl\/marokiada\/wp-json\/wp\/v2\/media?parent=44"}],"curies":[{"name":"wp","href":"https:\/\/api.w.org\/{rel}","templated":true}]}}